{"id":860,"date":"2021-03-08T14:05:18","date_gmt":"2021-03-08T11:05:18","guid":{"rendered":"http:\/\/adaemlak77.com\/?page_id=860"},"modified":"2021-03-10T08:45:00","modified_gmt":"2021-03-10T05:45:00","slug":"tanitim-filmi","status":"publish","type":"page","link":"https:\/\/birikimsusbitkileri.com\/en\/kurumsal\/tanitim-filmi\/","title":{"rendered":"Tan\u0131t\u0131m Filmi"},"content":{"rendered":"<div data-elementor-type=\"wp-page\" data-elementor-id=\"860\" class=\"elementor elementor-860\" data-elementor-settings=\"[]\">\n\t\t\t\t\t\t\t<div class=\"elementor-section-wrap\">\n\t\t\t\t\t\t\t<section class=\"elementor-section elementor-top-section elementor-element elementor-element-671daad elementor-section-boxed elementor-section-height-default elementor-section-height-default\" data-id=\"671daad\" data-element_type=\"section\">\n\t\t\t\t\t\t<div class=\"elementor-container elementor-column-gap-default\">\n\t\t\t\t\t<div class=\"elementor-column elementor-col-100 elementor-top-column elementor-element elementor-element-ee4c485\" data-id=\"ee4c485\" data-element_type=\"column\">\n\t\t\t<div class=\"elementor-widget-wrap elementor-element-populated\">\n\t\t\t\t\t\t\t\t<div class=\"elementor-element elementor-element-15c6572 elementor-aspect-ratio-169 elementor-widget elementor-widget-video\" data-id=\"15c6572\" data-element_type=\"widget\" data-settings=\"{&quot;youtube_url&quot;:&quot;https:\\\/\\\/www.youtube.com\\\/watch?v=XgASzOIrCZc&amp;t=17s&quot;,&quot;autoplay&quot;:&quot;yes&quot;,&quot;play_on_mobile&quot;:&quot;yes&quot;,&quot;loop&quot;:&quot;yes&quot;,&quot;modestbranding&quot;:&quot;yes&quot;,&quot;video_type&quot;:&quot;youtube&quot;,&quot;controls&quot;:&quot;yes&quot;,&quot;aspect_ratio&quot;:&quot;169&quot;}\" data-widget_type=\"video.default\">\n\t\t\t\t<div class=\"elementor-widget-container\">\n\t\t\t\t\t<div class=\"elementor-wrapper elementor-fit-aspect-ratio elementor-open-inline\">\n\t\t\t<div class=\"elementor-video\"><\/div>\t\t<\/div>\n\t\t\t\t<\/div>\n\t\t\t\t<\/div>\n\t\t\t\t\t<\/div>\n\t\t<\/div>\n\t\t\t\t\t\t\t<\/div>\n\t\t<\/section>\n\t\t\t\t\t\t<\/div>\n\t\t\t\t\t<\/div>","protected":false},"excerpt":{"rendered":"","protected":false},"author":1,"featured_media":0,"parent":171,"menu_order":0,"comment_status":"closed","ping_status":"closed","template":"","meta":{"footnotes":""},"class_list":["post-860","page","type-page","status-publish","hentry","entry"],"yoast_head":"<!-- This site is optimized with the Yoast SEO plugin v17.9 - https:\/\/yoast.com\/wordpress\/plugins\/seo\/ -->\n<title>Tan\u0131t\u0131m Filmi | Birikim S\u00fcs Bitkileri<\/title>\n<meta name=\"robots\" content=\"index, follow, max-snippet:-1, max-image-preview:large, max-video-preview:-1\" \/>\n<link rel=\"canonical\" href=\"https:\/\/birikimsusbitkileri.com\/en\/kurumsal\/tanitim-filmi\/\" \/>\n<meta property=\"og:locale\" content=\"en_US\" \/>\n<meta property=\"og:type\" content=\"article\" \/>\n<meta property=\"og:title\" content=\"Tan\u0131t\u0131m Filmi | Birikim S\u00fcs Bitkileri\" \/>\n<meta property=\"og:url\" content=\"https:\/\/birikimsusbitkileri.com\/en\/kurumsal\/tanitim-filmi\/\" \/>\n<meta property=\"og:site_name\" content=\"Birikim S\u00fcs Bitkileri\" \/>\n<meta property=\"article:publisher\" content=\"https:\/\/www.facebook.com\/birikimsusbitkileri\" \/>\n<meta property=\"article:modified_time\" content=\"2021-03-10T05:45:00+00:00\" \/>\n<meta property=\"og:image\" content=\"https:\/\/birikimsusbitkileri.com\/wp-content\/uploads\/2021\/03\/slider4.jpg\" \/>\n\t<meta property=\"og:image:width\" content=\"1920\" \/>\n\t<meta property=\"og:image:height\" content=\"805\" \/>\n\t<meta property=\"og:image:type\" content=\"image\/jpeg\" \/>\n<meta name=\"twitter:card\" content=\"summary_large_image\" \/>\n<script type=\"application\/ld+json\" class=\"yoast-schema-graph\">{\"@context\":\"https:\/\/schema.org\",\"@graph\":[{\"@type\":\"Organization\",\"@id\":\"https:\/\/birikimsusbitkileri.com\/#organization\",\"name\":\"Birikim S\\u00fcs Bitkileri\",\"url\":\"https:\/\/birikimsusbitkileri.com\/\",\"sameAs\":[\"https:\/\/www.facebook.com\/birikimsusbitkileri\",\"https:\/\/www.instagram.com\/birikimsusbitkileri\/\"],\"logo\":{\"@type\":\"ImageObject\",\"@id\":\"https:\/\/birikimsusbitkileri.com\/#logo\",\"inLanguage\":\"en-US\",\"url\":\"https:\/\/birikimsusbitkileri.com\/wp-content\/uploads\/2021\/03\/birikim-logo-web.png\",\"contentUrl\":\"https:\/\/birikimsusbitkileri.com\/wp-content\/uploads\/2021\/03\/birikim-logo-web.png\",\"width\":200,\"height\":210,\"caption\":\"Birikim S\\u00fcs Bitkileri\"},\"image\":{\"@id\":\"https:\/\/birikimsusbitkileri.com\/#logo\"}},{\"@type\":\"WebSite\",\"@id\":\"https:\/\/birikimsusbitkileri.com\/#website\",\"url\":\"https:\/\/birikimsusbitkileri.com\/\",\"name\":\"Birikim S\\u00fcs Bitkileri\",\"description\":\"Ye\\u015file Do\\u011fru \\u0130lk Ad\\u0131m\",\"publisher\":{\"@id\":\"https:\/\/birikimsusbitkileri.com\/#organization\"},\"potentialAction\":[{\"@type\":\"SearchAction\",\"target\":{\"@type\":\"EntryPoint\",\"urlTemplate\":\"https:\/\/birikimsusbitkileri.com\/?s={search_term_string}\"},\"query-input\":\"required name=search_term_string\"}],\"inLanguage\":\"en-US\"},{\"@type\":\"WebPage\",\"@id\":\"https:\/\/birikimsusbitkileri.com\/en\/kurumsal\/tanitim-filmi\/#webpage\",\"url\":\"https:\/\/birikimsusbitkileri.com\/en\/kurumsal\/tanitim-filmi\/\",\"name\":\"Tan\\u0131t\\u0131m Filmi | Birikim S\\u00fcs Bitkileri\",\"isPartOf\":{\"@id\":\"https:\/\/birikimsusbitkileri.com\/#website\"},\"datePublished\":\"2021-03-08T11:05:18+00:00\",\"dateModified\":\"2021-03-10T05:45:00+00:00\",\"breadcrumb\":{\"@id\":\"https:\/\/birikimsusbitkileri.com\/en\/kurumsal\/tanitim-filmi\/#breadcrumb\"},\"inLanguage\":\"en-US\",\"potentialAction\":[{\"@type\":\"ReadAction\",\"target\":[\"https:\/\/birikimsusbitkileri.com\/en\/kurumsal\/tanitim-filmi\/\"]}]},{\"@type\":\"BreadcrumbList\",\"@id\":\"https:\/\/birikimsusbitkileri.com\/en\/kurumsal\/tanitim-filmi\/#breadcrumb\",\"itemListElement\":[{\"@type\":\"ListItem\",\"position\":1,\"name\":\"Anasayfa\",\"item\":\"https:\/\/birikimsusbitkileri.com\/\"},{\"@type\":\"ListItem\",\"position\":2,\"name\":\"Kurumsal\",\"item\":\"https:\/\/birikimsusbitkileri.com\/en\/kurumsal\/\"},{\"@type\":\"ListItem\",\"position\":3,\"name\":\"Tan\\u0131t\\u0131m Filmi\"}]}]}<\/script>\n<!-- \/ Yoast SEO plugin. -->","yoast_head_json":{"title":"Tan\u0131t\u0131m Filmi | Birikim S\u00fcs Bitkileri","robots":{"index":"index","follow":"follow","max-snippet":"max-snippet:-1","max-image-preview":"max-image-preview:large","max-video-preview":"max-video-preview:-1"},"canonical":"https:\/\/birikimsusbitkileri.com\/en\/kurumsal\/tanitim-filmi\/","og_locale":"en_US","og_type":"article","og_title":"Tan\u0131t\u0131m Filmi | Birikim S\u00fcs Bitkileri","og_url":"https:\/\/birikimsusbitkileri.com\/en\/kurumsal\/tanitim-filmi\/","og_site_name":"Birikim S\u00fcs Bitkileri","article_publisher":"https:\/\/www.facebook.com\/birikimsusbitkileri","article_modified_time":"2021-03-10T05:45:00+00:00","og_image":[{"width":1920,"height":805,"url":"https:\/\/birikimsusbitkileri.com\/wp-content\/uploads\/2021\/03\/slider4.jpg","type":"image\/jpeg"}],"twitter_card":"summary_large_image","schema":{"@context":"https:\/\/schema.org","@graph":[{"@type":"Organization","@id":"https:\/\/birikimsusbitkileri.com\/#organization","name":"Birikim S\u00fcs Bitkileri","url":"https:\/\/birikimsusbitkileri.com\/","sameAs":["https:\/\/www.facebook.com\/birikimsusbitkileri","https:\/\/www.instagram.com\/birikimsusbitkileri\/"],"logo":{"@type":"ImageObject","@id":"https:\/\/birikimsusbitkileri.com\/#logo","inLanguage":"en-US","url":"https:\/\/birikimsusbitkileri.com\/wp-content\/uploads\/2021\/03\/birikim-logo-web.png","contentUrl":"https:\/\/birikimsusbitkileri.com\/wp-content\/uploads\/2021\/03\/birikim-logo-web.png","width":200,"height":210,"caption":"Birikim S\u00fcs Bitkileri"},"image":{"@id":"https:\/\/birikimsusbitkileri.com\/#logo"}},{"@type":"WebSite","@id":"https:\/\/birikimsusbitkileri.com\/#website","url":"https:\/\/birikimsusbitkileri.com\/","name":"Birikim S\u00fcs Bitkileri","description":"The First Step Green","publisher":{"@id":"https:\/\/birikimsusbitkileri.com\/#organization"},"potentialAction":[{"@type":"SearchAction","target":{"@type":"EntryPoint","urlTemplate":"https:\/\/birikimsusbitkileri.com\/?s={search_term_string}"},"query-input":"required name=search_term_string"}],"inLanguage":"en-US"},{"@type":"WebPage","@id":"https:\/\/birikimsusbitkileri.com\/en\/kurumsal\/tanitim-filmi\/#webpage","url":"https:\/\/birikimsusbitkileri.com\/en\/kurumsal\/tanitim-filmi\/","name":"Tan\u0131t\u0131m Filmi | Birikim S\u00fcs Bitkileri","isPartOf":{"@id":"https:\/\/birikimsusbitkileri.com\/#website"},"datePublished":"2021-03-08T11:05:18+00:00","dateModified":"2021-03-10T05:45:00+00:00","breadcrumb":{"@id":"https:\/\/birikimsusbitkileri.com\/en\/kurumsal\/tanitim-filmi\/#breadcrumb"},"inLanguage":"en-US","potentialAction":[{"@type":"ReadAction","target":["https:\/\/birikimsusbitkileri.com\/en\/kurumsal\/tanitim-filmi\/"]}]},{"@type":"BreadcrumbList","@id":"https:\/\/birikimsusbitkileri.com\/en\/kurumsal\/tanitim-filmi\/#breadcrumb","itemListElement":[{"@type":"ListItem","position":1,"name":"Anasayfa","item":"https:\/\/birikimsusbitkileri.com\/"},{"@type":"ListItem","position":2,"name":"Kurumsal","item":"https:\/\/birikimsusbitkileri.com\/en\/kurumsal\/"},{"@type":"ListItem","position":3,"name":"Tan\u0131t\u0131m Filmi"}]}]}},"_links":{"self":[{"href":"https:\/\/birikimsusbitkileri.com\/en\/wp-json\/wp\/v2\/pages\/860","targetHints":{"allow":["GET"]}}],"collection":[{"href":"https:\/\/birikimsusbitkileri.com\/en\/wp-json\/wp\/v2\/pages"}],"about":[{"href":"https:\/\/birikimsusbitkileri.com\/en\/wp-json\/wp\/v2\/types\/page"}],"author":[{"embeddable":true,"href":"https:\/\/birikimsusbitkileri.com\/en\/wp-json\/wp\/v2\/users\/1"}],"replies":[{"embeddable":true,"href":"https:\/\/birikimsusbitkileri.com\/en\/wp-json\/wp\/v2\/comments?post=860"}],"version-history":[{"count":16,"href":"https:\/\/birikimsusbitkileri.com\/en\/wp-json\/wp\/v2\/pages\/860\/revisions"}],"predecessor-version":[{"id":1150,"href":"https:\/\/birikimsusbitkileri.com\/en\/wp-json\/wp\/v2\/pages\/860\/revisions\/1150"}],"up":[{"embeddable":true,"href":"https:\/\/birikimsusbitkileri.com\/en\/wp-json\/wp\/v2\/pages\/171"}],"wp:attachment":[{"href":"https:\/\/birikimsusbitkileri.com\/en\/wp-json\/wp\/v2\/media?parent=860"}],"curies":[{"name":"wp","href":"https:\/\/api.w.org\/{rel}","templated":true}]}}