{"id":3,"date":"2021-03-01T13:17:12","date_gmt":"2021-03-01T10:17:12","guid":{"rendered":"http:\/\/localhost\/birikimsusbitkileri.com\/?page_id=3"},"modified":"2021-04-28T15:54:49","modified_gmt":"2021-04-28T12:54:49","slug":"gizlilik-politikasi","status":"publish","type":"page","link":"https:\/\/birikimsusbitkileri.com\/en\/gizlilik-politikasi\/","title":{"rendered":"Gizlilik politikas\u0131"},"content":{"rendered":"<div data-elementor-type=\"wp-page\" data-elementor-id=\"3\" class=\"elementor elementor-3\" data-elementor-settings=\"[]\">\n\t\t\t\t\t\t\t<div class=\"elementor-section-wrap\">\n\t\t\t\t\t\t\t<section class=\"elementor-section elementor-top-section elementor-element elementor-element-783fd1e5 elementor-section-boxed elementor-section-height-default elementor-section-height-default\" data-id=\"783fd1e5\" data-element_type=\"section\">\n\t\t\t\t\t\t<div class=\"elementor-container elementor-column-gap-default\">\n\t\t\t\t\t<div class=\"elementor-column elementor-col-100 elementor-top-column elementor-element elementor-element-571f011\" data-id=\"571f011\" data-element_type=\"column\">\n\t\t\t<div class=\"elementor-widget-wrap elementor-element-populated\">\n\t\t\t\t\t\t\t\t<div class=\"elementor-element elementor-element-2fab4bcd elementor-widget elementor-widget-text-editor\" data-id=\"2fab4bcd\" data-element_type=\"widget\" data-widget_type=\"text-editor.default\">\n\t\t\t\t<div class=\"elementor-widget-container\">\n\t\t\t\t\t\t\t<!-- wp:heading -->\n<p class=\"p2\">www.birikimsusbitkileri.com, m\u00fc\u015fterilerine daha iyi hizmet verebilmek amac\u0131yla baz\u0131 ki\u015fisel bilgilerinizi (isim, soy isim, telefon, e-posta vb.) sizlerden talep etmektedir.<\/p>\n<p class=\"p2\">birikimsusbitkileri.com sunucular\u0131nda toplanan bu bilgiler, d\u00f6nemsel kampanya \u00e7al\u0131\u015fmalar\u0131, m\u00fc\u015fteri profillerine y\u00f6nelik \u00f6zel promosyon faaliyetlerinin kurgulanmas\u0131 ve istenmeyen e-postalar\u0131n iletilmemesine y\u00f6nelik m\u00fc\u015fteri \u201cs\u0131n\u0131fland\u0131rma\u201d \u00e7al\u0131\u015fmalar\u0131nda sadece www.birikimsusbitkileri.com b\u00fcnyesinde kullan\u0131lmaktad\u0131r.<\/p>\n<p>www.birikimsusbitkileri.com, \u00fcyelik formlar\u0131ndan toplad\u0131\u011f\u0131 bilgileri, s\u00f6z konusu \u00fcyenin haberi ya da aksi bir talimat\u0131 olmaks\u0131z\u0131n, \u00fc\u00e7\u00fcnc\u00fc \u015fah\u0131slarla kesinlikle payla\u015fmamakta, faaliyet d\u0131\u015f\u0131 hi\u00e7bir nedenle ticari ama\u00e7la kullanmamakta ve de satmamaktad\u0131r.<\/p>\n<p class=\"p2\">www.birikimsusbitkileri.com, e-posta adresleri ve \u00fcyelik formlar\u0131nda istedi\u011fi ki\u015fisel bilgilerin haricinde site kullan\u0131m\u0131 s\u0131ras\u0131nda izledi\u011fi, ziyaret\u00e7i hareket ve tercihlerini analiz ederek yorumlamaktad\u0131r.<\/p>\n<p>Ki\u015fisel bilgiler i\u00e7ermeyen bu istatistiksel veriler, www.birikimsusbitkileri.com m\u00fc\u015fterilerine daha \u00f6zel ve etkin bir al\u0131\u015fveri\u015f deneyimi ya\u015fatmak amac\u0131yla www.birikimsusbitkileri.com i\u015f ortaklar\u0131 ile payla\u015f\u0131labilmektedir.<\/p>\n<p class=\"p2\">M\u00fc\u015fteri bilgileri, ancak resmi makamlarca usul\u00fc dairesinde bu bilgilerin talep edilmesi halinde ve y\u00fcr\u00fcrl\u00fckteki emredici mevzuat h\u00fck\u00fcmleri gere\u011fince resmi makamlara a\u00e7\u0131klama yapmak zorunda oldu\u011fu durumlarda resmi makamlara a\u00e7\u0131klanabilecektir. M\u00fc\u015fterinin sisteme girdi\u011fi t\u00fcm bilgilere sadece M\u00fc\u015fteri ula\u015fabilmekte ve bu bilgileri sadece M\u00fc\u015fteri de\u011fi\u015ftirebilmektedir. Bir ba\u015fkas\u0131n\u0131n bu bilgilere ula\u015fmas\u0131 ve bunlar\u0131 de\u011fi\u015ftirmesi m\u00fcmk\u00fcn de\u011fildir.<\/p>\n<p class=\"p2\">Birikim S\u00fcs Bitkileri Google kullan\u0131c\u0131 verilerine eri\u015fme, kullanma, saklama veya payla\u015fma \u015fekli:<\/p>\n<p class=\"p2\">Birikim s\u00fcs bitkileri Google e-posta adresini, profil foto\u011fraf\u0131n\u0131 ve Google&#8217;\u0131n verdi\u011fi token kodunu veritaban\u0131nda saklamaktad\u0131r.<\/p>\n<p class=\"p2\">Birikim s\u00fcs bitkileri Google bilgilerini hi\u00e7 bir \u015fekilde payla\u015fmamaktad\u0131r. Veriler sadece \u00fcye giri\u015fi ve \u00fcye kayd\u0131 i\u00e7in kullan\u0131lmaktad\u0131r.<\/p>\n<p class=\"p2\">Her t\u00fcrl\u00fc sorunuz i\u00e7in;<br \/><span class=\"s1\"><a href=\"mailto:info@birikimsusbitkileri.com\">info@birikimsusbitkileri.com<\/a><\/span><\/p>\n<!-- \/wp:heading -->\t\t\t\t\t\t<\/div>\n\t\t\t\t<\/div>\n\t\t\t\t\t<\/div>\n\t\t<\/div>\n\t\t\t\t\t\t\t<\/div>\n\t\t<\/section>\n\t\t\t\t\t\t<\/div>\n\t\t\t\t\t<\/div>","protected":false},"excerpt":{"rendered":"<p>www.birikimsusbitkileri.com, m\u00fc\u015fterilerine daha iyi hizmet verebilmek amac\u0131yla baz\u0131 ki\u015fisel bilgilerinizi (isim, soy isim, telefon, e-posta vb.) sizlerden talep etmektedir. birikimsusbitkileri.com sunucular\u0131nda toplanan bu bilgiler, d\u00f6nemsel kampanya \u00e7al\u0131\u015fmalar\u0131, m\u00fc\u015fteri profillerine y\u00f6nelik \u00f6zel promosyon faaliyetlerinin kurgulanmas\u0131 ve istenmeyen e-postalar\u0131n iletilmemesine y\u00f6nelik m\u00fc\u015fteri \u201cs\u0131n\u0131fland\u0131rma\u201d \u00e7al\u0131\u015fmalar\u0131nda sadece www.birikimsusbitkileri.com b\u00fcnyesinde kullan\u0131lmaktad\u0131r. www.birikimsusbitkileri.com, \u00fcyelik formlar\u0131ndan toplad\u0131\u011f\u0131 bilgileri, s\u00f6z konusu \u00fcyenin haberi [&hellip;]<\/p>\n","protected":false},"author":1,"featured_media":0,"parent":0,"menu_order":0,"comment_status":"closed","ping_status":"closed","template":"","meta":{"footnotes":""},"class_list":["post-3","page","type-page","status-publish","hentry","entry"],"yoast_head":"<!-- This site is optimized with the Yoast SEO plugin v17.9 - https:\/\/yoast.com\/wordpress\/plugins\/seo\/ -->\n<title>Gizlilik politikas\u0131 | Birikim S\u00fcs Bitkileri<\/title>\n<meta name=\"robots\" content=\"index, follow, max-snippet:-1, max-image-preview:large, max-video-preview:-1\" \/>\n<link rel=\"canonical\" href=\"https:\/\/birikimsusbitkileri.com\/en\/gizlilik-politikasi\/\" \/>\n<meta property=\"og:locale\" content=\"en_US\" \/>\n<meta property=\"og:type\" content=\"article\" \/>\n<meta property=\"og:title\" content=\"Gizlilik politikas\u0131 | Birikim S\u00fcs Bitkileri\" \/>\n<meta property=\"og:description\" content=\"www.birikimsusbitkileri.com, m\u00fc\u015fterilerine daha iyi hizmet verebilmek amac\u0131yla baz\u0131 ki\u015fisel bilgilerinizi (isim, soy isim, telefon, e-posta vb.) sizlerden talep etmektedir. birikimsusbitkileri.com sunucular\u0131nda toplanan bu bilgiler, d\u00f6nemsel kampanya \u00e7al\u0131\u015fmalar\u0131, m\u00fc\u015fteri profillerine y\u00f6nelik \u00f6zel promosyon faaliyetlerinin kurgulanmas\u0131 ve istenmeyen e-postalar\u0131n iletilmemesine y\u00f6nelik m\u00fc\u015fteri \u201cs\u0131n\u0131fland\u0131rma\u201d \u00e7al\u0131\u015fmalar\u0131nda sadece www.birikimsusbitkileri.com b\u00fcnyesinde kullan\u0131lmaktad\u0131r. www.birikimsusbitkileri.com, \u00fcyelik formlar\u0131ndan toplad\u0131\u011f\u0131 bilgileri, s\u00f6z konusu \u00fcyenin haberi [&hellip;]\" \/>\n<meta property=\"og:url\" content=\"https:\/\/birikimsusbitkileri.com\/en\/gizlilik-politikasi\/\" \/>\n<meta property=\"og:site_name\" content=\"Birikim S\u00fcs Bitkileri\" \/>\n<meta property=\"article:publisher\" content=\"https:\/\/www.facebook.com\/birikimsusbitkileri\" \/>\n<meta property=\"article:modified_time\" content=\"2021-04-28T12:54:49+00:00\" \/>\n<meta property=\"og:image\" content=\"https:\/\/birikimsusbitkileri.com\/wp-content\/uploads\/2021\/03\/slider4.jpg\" \/>\n\t<meta property=\"og:image:width\" content=\"1920\" \/>\n\t<meta property=\"og:image:height\" content=\"805\" \/>\n\t<meta property=\"og:image:type\" content=\"image\/jpeg\" \/>\n<meta name=\"twitter:card\" content=\"summary_large_image\" \/>\n<meta name=\"twitter:label1\" content=\"Est. reading time\" \/>\n\t<meta name=\"twitter:data1\" content=\"1 minute\" \/>\n<script type=\"application\/ld+json\" class=\"yoast-schema-graph\">{\"@context\":\"https:\/\/schema.org\",\"@graph\":[{\"@type\":\"Organization\",\"@id\":\"https:\/\/birikimsusbitkileri.com\/#organization\",\"name\":\"Birikim S\\u00fcs Bitkileri\",\"url\":\"https:\/\/birikimsusbitkileri.com\/\",\"sameAs\":[\"https:\/\/www.facebook.com\/birikimsusbitkileri\",\"https:\/\/www.instagram.com\/birikimsusbitkileri\/\"],\"logo\":{\"@type\":\"ImageObject\",\"@id\":\"https:\/\/birikimsusbitkileri.com\/#logo\",\"inLanguage\":\"en-US\",\"url\":\"https:\/\/birikimsusbitkileri.com\/wp-content\/uploads\/2021\/03\/birikim-logo-web.png\",\"contentUrl\":\"https:\/\/birikimsusbitkileri.com\/wp-content\/uploads\/2021\/03\/birikim-logo-web.png\",\"width\":200,\"height\":210,\"caption\":\"Birikim S\\u00fcs Bitkileri\"},\"image\":{\"@id\":\"https:\/\/birikimsusbitkileri.com\/#logo\"}},{\"@type\":\"WebSite\",\"@id\":\"https:\/\/birikimsusbitkileri.com\/#website\",\"url\":\"https:\/\/birikimsusbitkileri.com\/\",\"name\":\"Birikim S\\u00fcs Bitkileri\",\"description\":\"Ye\\u015file Do\\u011fru \\u0130lk Ad\\u0131m\",\"publisher\":{\"@id\":\"https:\/\/birikimsusbitkileri.com\/#organization\"},\"potentialAction\":[{\"@type\":\"SearchAction\",\"target\":{\"@type\":\"EntryPoint\",\"urlTemplate\":\"https:\/\/birikimsusbitkileri.com\/?s={search_term_string}\"},\"query-input\":\"required name=search_term_string\"}],\"inLanguage\":\"en-US\"},{\"@type\":\"WebPage\",\"@id\":\"https:\/\/birikimsusbitkileri.com\/gizlilik-politikasi\/#webpage\",\"url\":\"https:\/\/birikimsusbitkileri.com\/gizlilik-politikasi\/\",\"name\":\"Gizlilik politikas\\u0131 | Birikim S\\u00fcs Bitkileri\",\"isPartOf\":{\"@id\":\"https:\/\/birikimsusbitkileri.com\/#website\"},\"datePublished\":\"2021-03-01T10:17:12+00:00\",\"dateModified\":\"2021-04-28T12:54:49+00:00\",\"breadcrumb\":{\"@id\":\"https:\/\/birikimsusbitkileri.com\/gizlilik-politikasi\/#breadcrumb\"},\"inLanguage\":\"en-US\",\"potentialAction\":[{\"@type\":\"ReadAction\",\"target\":[\"https:\/\/birikimsusbitkileri.com\/gizlilik-politikasi\/\"]}]},{\"@type\":\"BreadcrumbList\",\"@id\":\"https:\/\/birikimsusbitkileri.com\/gizlilik-politikasi\/#breadcrumb\",\"itemListElement\":[{\"@type\":\"ListItem\",\"position\":1,\"name\":\"Anasayfa\",\"item\":\"https:\/\/birikimsusbitkileri.com\/\"},{\"@type\":\"ListItem\",\"position\":2,\"name\":\"Gizlilik politikas\\u0131\"}]}]}<\/script>\n<!-- \/ Yoast SEO plugin. -->","yoast_head_json":{"title":"Gizlilik politikas\u0131 | Birikim S\u00fcs Bitkileri","robots":{"index":"index","follow":"follow","max-snippet":"max-snippet:-1","max-image-preview":"max-image-preview:large","max-video-preview":"max-video-preview:-1"},"canonical":"https:\/\/birikimsusbitkileri.com\/en\/gizlilik-politikasi\/","og_locale":"en_US","og_type":"article","og_title":"Gizlilik politikas\u0131 | Birikim S\u00fcs Bitkileri","og_description":"www.birikimsusbitkileri.com, m\u00fc\u015fterilerine daha iyi hizmet verebilmek amac\u0131yla baz\u0131 ki\u015fisel bilgilerinizi (isim, soy isim, telefon, e-posta vb.) sizlerden talep etmektedir. birikimsusbitkileri.com sunucular\u0131nda toplanan bu bilgiler, d\u00f6nemsel kampanya \u00e7al\u0131\u015fmalar\u0131, m\u00fc\u015fteri profillerine y\u00f6nelik \u00f6zel promosyon faaliyetlerinin kurgulanmas\u0131 ve istenmeyen e-postalar\u0131n iletilmemesine y\u00f6nelik m\u00fc\u015fteri \u201cs\u0131n\u0131fland\u0131rma\u201d \u00e7al\u0131\u015fmalar\u0131nda sadece www.birikimsusbitkileri.com b\u00fcnyesinde kullan\u0131lmaktad\u0131r. www.birikimsusbitkileri.com, \u00fcyelik formlar\u0131ndan toplad\u0131\u011f\u0131 bilgileri, s\u00f6z konusu \u00fcyenin haberi [&hellip;]","og_url":"https:\/\/birikimsusbitkileri.com\/en\/gizlilik-politikasi\/","og_site_name":"Birikim S\u00fcs Bitkileri","article_publisher":"https:\/\/www.facebook.com\/birikimsusbitkileri","article_modified_time":"2021-04-28T12:54:49+00:00","og_image":[{"width":1920,"height":805,"url":"https:\/\/birikimsusbitkileri.com\/wp-content\/uploads\/2021\/03\/slider4.jpg","type":"image\/jpeg"}],"twitter_card":"summary_large_image","twitter_misc":{"Est. reading time":"1 minute"},"schema":{"@context":"https:\/\/schema.org","@graph":[{"@type":"Organization","@id":"https:\/\/birikimsusbitkileri.com\/#organization","name":"Birikim S\u00fcs Bitkileri","url":"https:\/\/birikimsusbitkileri.com\/","sameAs":["https:\/\/www.facebook.com\/birikimsusbitkileri","https:\/\/www.instagram.com\/birikimsusbitkileri\/"],"logo":{"@type":"ImageObject","@id":"https:\/\/birikimsusbitkileri.com\/#logo","inLanguage":"en-US","url":"https:\/\/birikimsusbitkileri.com\/wp-content\/uploads\/2021\/03\/birikim-logo-web.png","contentUrl":"https:\/\/birikimsusbitkileri.com\/wp-content\/uploads\/2021\/03\/birikim-logo-web.png","width":200,"height":210,"caption":"Birikim S\u00fcs Bitkileri"},"image":{"@id":"https:\/\/birikimsusbitkileri.com\/#logo"}},{"@type":"WebSite","@id":"https:\/\/birikimsusbitkileri.com\/#website","url":"https:\/\/birikimsusbitkileri.com\/","name":"Birikim S\u00fcs Bitkileri","description":"The First Step Green","publisher":{"@id":"https:\/\/birikimsusbitkileri.com\/#organization"},"potentialAction":[{"@type":"SearchAction","target":{"@type":"EntryPoint","urlTemplate":"https:\/\/birikimsusbitkileri.com\/?s={search_term_string}"},"query-input":"required name=search_term_string"}],"inLanguage":"en-US"},{"@type":"WebPage","@id":"https:\/\/birikimsusbitkileri.com\/gizlilik-politikasi\/#webpage","url":"https:\/\/birikimsusbitkileri.com\/gizlilik-politikasi\/","name":"Gizlilik politikas\u0131 | Birikim S\u00fcs Bitkileri","isPartOf":{"@id":"https:\/\/birikimsusbitkileri.com\/#website"},"datePublished":"2021-03-01T10:17:12+00:00","dateModified":"2021-04-28T12:54:49+00:00","breadcrumb":{"@id":"https:\/\/birikimsusbitkileri.com\/gizlilik-politikasi\/#breadcrumb"},"inLanguage":"en-US","potentialAction":[{"@type":"ReadAction","target":["https:\/\/birikimsusbitkileri.com\/gizlilik-politikasi\/"]}]},{"@type":"BreadcrumbList","@id":"https:\/\/birikimsusbitkileri.com\/gizlilik-politikasi\/#breadcrumb","itemListElement":[{"@type":"ListItem","position":1,"name":"Anasayfa","item":"https:\/\/birikimsusbitkileri.com\/"},{"@type":"ListItem","position":2,"name":"Gizlilik politikas\u0131"}]}]}},"_links":{"self":[{"href":"https:\/\/birikimsusbitkileri.com\/en\/wp-json\/wp\/v2\/pages\/3","targetHints":{"allow":["GET"]}}],"collection":[{"href":"https:\/\/birikimsusbitkileri.com\/en\/wp-json\/wp\/v2\/pages"}],"about":[{"href":"https:\/\/birikimsusbitkileri.com\/en\/wp-json\/wp\/v2\/types\/page"}],"author":[{"embeddable":true,"href":"https:\/\/birikimsusbitkileri.com\/en\/wp-json\/wp\/v2\/users\/1"}],"replies":[{"embeddable":true,"href":"https:\/\/birikimsusbitkileri.com\/en\/wp-json\/wp\/v2\/comments?post=3"}],"version-history":[{"count":5,"href":"https:\/\/birikimsusbitkileri.com\/en\/wp-json\/wp\/v2\/pages\/3\/revisions"}],"predecessor-version":[{"id":2312,"href":"https:\/\/birikimsusbitkileri.com\/en\/wp-json\/wp\/v2\/pages\/3\/revisions\/2312"}],"wp:attachment":[{"href":"https:\/\/birikimsusbitkileri.com\/en\/wp-json\/wp\/v2\/media?parent=3"}],"curies":[{"name":"wp","href":"https:\/\/api.w.org\/{rel}","templated":true}]}}