{"id":2314,"date":"2021-04-29T15:13:24","date_gmt":"2021-04-29T12:13:24","guid":{"rendered":"https:\/\/birikimsusbitkileri.com\/?page_id=2314"},"modified":"2021-05-03T08:47:52","modified_gmt":"2021-05-03T05:47:52","slug":"grup-sirketlerimiz","status":"publish","type":"page","link":"https:\/\/birikimsusbitkileri.com\/en\/grup-sirketlerimiz\/","title":{"rendered":"Grup \u015eirketlerimiz"},"content":{"rendered":"<div data-elementor-type=\"wp-page\" data-elementor-id=\"2314\" class=\"elementor elementor-2314\" data-elementor-settings=\"[]\">\n\t\t\t\t\t\t\t<div class=\"elementor-section-wrap\">\n\t\t\t\t\t\t\t<section class=\"elementor-section elementor-top-section elementor-element elementor-element-367bfbd elementor-section-boxed elementor-section-height-default elementor-section-height-default\" data-id=\"367bfbd\" data-element_type=\"section\">\n\t\t\t\t\t\t<div class=\"elementor-container elementor-column-gap-default\">\n\t\t\t\t\t<div class=\"elementor-column elementor-col-50 elementor-top-column elementor-element elementor-element-2cf80be\" data-id=\"2cf80be\" data-element_type=\"column\">\n\t\t\t<div class=\"elementor-widget-wrap elementor-element-populated\">\n\t\t\t\t\t\t\t\t<div class=\"elementor-element elementor-element-71c5afb elementor-widget elementor-widget-image\" data-id=\"71c5afb\" data-element_type=\"widget\" data-widget_type=\"image.default\">\n\t\t\t\t<div class=\"elementor-widget-container\">\n\t\t\t\t\t\t\t\t\t\t\t\t\t\t\t<img loading=\"lazy\" decoding=\"async\" width=\"262\" height=\"60\" src=\"https:\/\/birikimsusbitkileri.com\/wp-content\/uploads\/2021\/04\/umelsan-logo.png\" class=\"attachment-large size-large\" alt=\"\" srcset=\"https:\/\/birikimsusbitkileri.com\/wp-content\/uploads\/2021\/04\/umelsan-logo.png 262w, https:\/\/birikimsusbitkileri.com\/wp-content\/uploads\/2021\/04\/umelsan-logo-16x4.png 16w\" sizes=\"auto, (max-width: 34.9rem) calc(100vw - 2rem), (max-width: 53rem) calc(8 * (100vw \/ 12)), (min-width: 53rem) calc(6 * (100vw \/ 12)), 100vw\" \/>\t\t\t\t\t\t\t\t\t\t\t\t\t\t\t<\/div>\n\t\t\t\t<\/div>\n\t\t\t\t<div class=\"elementor-element elementor-element-d1687e4 elementor-icon-list--layout-traditional elementor-list-item-link-full_width elementor-widget elementor-widget-icon-list\" data-id=\"d1687e4\" data-element_type=\"widget\" data-widget_type=\"icon-list.default\">\n\t\t\t\t<div class=\"elementor-widget-container\">\n\t\t\t\t\t<ul class=\"elementor-icon-list-items\">\n\t\t\t\t\t\t\t<li class=\"elementor-icon-list-item\">\n\t\t\t\t\t\t\t\t\t\t\t<span class=\"elementor-icon-list-icon\">\n\t\t\t\t\t\t\t<i aria-hidden=\"true\" class=\"fas fa-long-arrow-alt-right\"><\/i>\t\t\t\t\t\t<\/span>\n\t\t\t\t\t\t\t\t\t\t<span class=\"elementor-icon-list-text\"><b> \u00dcmelsan Elk. \u0130n\u015f. Day. T\u00fck. Mal. San. ve Tic. Ltd. \u015eti.<\/b><\/span>\n\t\t\t\t\t\t\t\t\t<\/li>\n\t\t\t\t\t\t\t\t<li class=\"elementor-icon-list-item\">\n\t\t\t\t\t\t\t\t\t\t\t<span class=\"elementor-icon-list-icon\">\n\t\t\t\t\t\t\t<i aria-hidden=\"true\" class=\"fas fa-location-arrow\"><\/i>\t\t\t\t\t\t<\/span>\n\t\t\t\t\t\t\t\t\t\t<span class=\"elementor-icon-list-text\"><b>Adres :<\/b> \u00c7iftlik Mahallesi K\u00fc\u00e7\u00fck Sanayi Sitesi G Blok 24 \/13-16 \u00c7iftlikk\u00f6y\/YALOVA<\/span>\n\t\t\t\t\t\t\t\t\t<\/li>\n\t\t\t\t\t\t\t\t<li class=\"elementor-icon-list-item\">\n\t\t\t\t\t\t\t\t\t\t\t<a href=\"mailto:umelsan@umelsan.com.tr\">\n\n\t\t\t\t\t\t\t\t\t\t\t\t<span class=\"elementor-icon-list-icon\">\n\t\t\t\t\t\t\t<i aria-hidden=\"true\" class=\"fas fa-envelope-open\"><\/i>\t\t\t\t\t\t<\/span>\n\t\t\t\t\t\t\t\t\t\t<span class=\"elementor-icon-list-text\"><b>E-Posta :<\/b> umelsan@umelsan.com.tr<\/span>\n\t\t\t\t\t\t\t\t\t\t\t<\/a>\n\t\t\t\t\t\t\t\t\t<\/li>\n\t\t\t\t\t\t\t\t<li class=\"elementor-icon-list-item\">\n\t\t\t\t\t\t\t\t\t\t\t<a href=\"tel:0%20(226)%20812%2093%2068\">\n\n\t\t\t\t\t\t\t\t\t\t\t\t<span class=\"elementor-icon-list-icon\">\n\t\t\t\t\t\t\t<i aria-hidden=\"true\" class=\"fas fa-phone-alt\"><\/i>\t\t\t\t\t\t<\/span>\n\t\t\t\t\t\t\t\t\t\t<span class=\"elementor-icon-list-text\"><b>Telefon :<\/b> 0 (226) 812 93 68<\/span>\n\t\t\t\t\t\t\t\t\t\t\t<\/a>\n\t\t\t\t\t\t\t\t\t<\/li>\n\t\t\t\t\t\t\t\t<li class=\"elementor-icon-list-item\">\n\t\t\t\t\t\t\t\t\t\t\t<a href=\"tel:0%20(226)%20352%2068%2084\">\n\n\t\t\t\t\t\t\t\t\t\t\t\t<span class=\"elementor-icon-list-icon\">\n\t\t\t\t\t\t\t<i aria-hidden=\"true\" class=\"fas fa-envelope-open\"><\/i>\t\t\t\t\t\t<\/span>\n\t\t\t\t\t\t\t\t\t\t<span class=\"elementor-icon-list-text\"><b>FAX :<\/b> 0 (226) 352 68 84<\/span>\n\t\t\t\t\t\t\t\t\t\t\t<\/a>\n\t\t\t\t\t\t\t\t\t<\/li>\n\t\t\t\t\t\t\t\t<li class=\"elementor-icon-list-item\">\n\t\t\t\t\t\t\t\t\t\t\t<a href=\"https:\/\/www.umelsan.com.tr\">\n\n\t\t\t\t\t\t\t\t\t\t\t\t<span class=\"elementor-icon-list-icon\">\n\t\t\t\t\t\t\t<i aria-hidden=\"true\" class=\"fas fa-globe-americas\"><\/i>\t\t\t\t\t\t<\/span>\n\t\t\t\t\t\t\t\t\t\t<span class=\"elementor-icon-list-text\"><b>Web Sitesi :<\/b> www.umelsan.com.tr<\/span>\n\t\t\t\t\t\t\t\t\t\t\t<\/a>\n\t\t\t\t\t\t\t\t\t<\/li>\n\t\t\t\t\t\t<\/ul>\n\t\t\t\t<\/div>\n\t\t\t\t<\/div>\n\t\t\t\t\t<\/div>\n\t\t<\/div>\n\t\t\t\t<div class=\"elementor-column elementor-col-50 elementor-top-column elementor-element elementor-element-eae4c9e\" data-id=\"eae4c9e\" data-element_type=\"column\">\n\t\t\t<div class=\"elementor-widget-wrap elementor-element-populated\">\n\t\t\t\t\t\t\t\t<div class=\"elementor-element elementor-element-0e6b334 elementor-widget elementor-widget-image\" data-id=\"0e6b334\" data-element_type=\"widget\" data-widget_type=\"image.default\">\n\t\t\t\t<div class=\"elementor-widget-container\">\n\t\t\t\t\t\t\t\t\t\t\t\t\t\t\t<img loading=\"lazy\" decoding=\"async\" width=\"350\" height=\"36\" src=\"https:\/\/birikimsusbitkileri.com\/wp-content\/uploads\/2021\/04\/elektromarketim-logo-min-350x36-350x36-1.png\" class=\"attachment-large size-large\" alt=\"\" srcset=\"https:\/\/birikimsusbitkileri.com\/wp-content\/uploads\/2021\/04\/elektromarketim-logo-min-350x36-350x36-1.png 350w, https:\/\/birikimsusbitkileri.com\/wp-content\/uploads\/2021\/04\/elektromarketim-logo-min-350x36-350x36-1-300x31.png 300w, https:\/\/birikimsusbitkileri.com\/wp-content\/uploads\/2021\/04\/elektromarketim-logo-min-350x36-350x36-1-16x2.png 16w\" sizes=\"auto, (max-width: 34.9rem) calc(100vw - 2rem), (max-width: 53rem) calc(8 * (100vw \/ 12)), (min-width: 53rem) calc(6 * (100vw \/ 12)), 100vw\" \/>\t\t\t\t\t\t\t\t\t\t\t\t\t\t\t<\/div>\n\t\t\t\t<\/div>\n\t\t\t\t<div class=\"elementor-element elementor-element-00a3d94 elementor-icon-list--layout-traditional elementor-list-item-link-full_width elementor-widget elementor-widget-icon-list\" data-id=\"00a3d94\" data-element_type=\"widget\" data-widget_type=\"icon-list.default\">\n\t\t\t\t<div class=\"elementor-widget-container\">\n\t\t\t\t\t<ul class=\"elementor-icon-list-items\">\n\t\t\t\t\t\t\t<li class=\"elementor-icon-list-item\">\n\t\t\t\t\t\t\t\t\t\t\t<span class=\"elementor-icon-list-icon\">\n\t\t\t\t\t\t\t<i aria-hidden=\"true\" class=\"fas fa-long-arrow-alt-right\"><\/i>\t\t\t\t\t\t<\/span>\n\t\t\t\t\t\t\t\t\t\t<span class=\"elementor-icon-list-text\"><b> Elektromarketim Bil. Hiz. ve Elk. Tic. A.\u015e<\/b><\/span>\n\t\t\t\t\t\t\t\t\t<\/li>\n\t\t\t\t\t\t\t\t<li class=\"elementor-icon-list-item\">\n\t\t\t\t\t\t\t\t\t\t\t<span class=\"elementor-icon-list-icon\">\n\t\t\t\t\t\t\t<i aria-hidden=\"true\" class=\"fas fa-location-arrow\"><\/i>\t\t\t\t\t\t<\/span>\n\t\t\t\t\t\t\t\t\t\t<span class=\"elementor-icon-list-text\"><b>Adres :<\/b> \u00c7iftlik Mahallesi K\u00fc\u00e7\u00fck Sanayi Sitesi G Blok 24 \/13-16 \u00c7iftlikk\u00f6y\/YALOVA<\/span>\n\t\t\t\t\t\t\t\t\t<\/li>\n\t\t\t\t\t\t\t\t<li class=\"elementor-icon-list-item\">\n\t\t\t\t\t\t\t\t\t\t\t<a href=\"mailto:destek@elektromarketim.com\">\n\n\t\t\t\t\t\t\t\t\t\t\t\t<span class=\"elementor-icon-list-icon\">\n\t\t\t\t\t\t\t<i aria-hidden=\"true\" class=\"fas fa-envelope-open\"><\/i>\t\t\t\t\t\t<\/span>\n\t\t\t\t\t\t\t\t\t\t<span class=\"elementor-icon-list-text\"><b>E-Posta :<\/b> destek@elektromarketim.com<\/span>\n\t\t\t\t\t\t\t\t\t\t\t<\/a>\n\t\t\t\t\t\t\t\t\t<\/li>\n\t\t\t\t\t\t\t\t<li class=\"elementor-icon-list-item\">\n\t\t\t\t\t\t\t\t\t\t\t<a href=\"mailto:kurumsal@elektromarketim.com\">\n\n\t\t\t\t\t\t\t\t\t\t\t\t<span class=\"elementor-icon-list-icon\">\n\t\t\t\t\t\t\t<i aria-hidden=\"true\" class=\"fas fa-envelope-open\"><\/i>\t\t\t\t\t\t<\/span>\n\t\t\t\t\t\t\t\t\t\t<span class=\"elementor-icon-list-text\"><b>E-Posta :<\/b> kurumsal@elektromarketim.com<\/span>\n\t\t\t\t\t\t\t\t\t\t\t<\/a>\n\t\t\t\t\t\t\t\t\t<\/li>\n\t\t\t\t\t\t\t\t<li class=\"elementor-icon-list-item\">\n\t\t\t\t\t\t\t\t\t\t\t<a href=\"tel:0850%20811%2071%2010\">\n\n\t\t\t\t\t\t\t\t\t\t\t\t<span class=\"elementor-icon-list-icon\">\n\t\t\t\t\t\t\t<i aria-hidden=\"true\" class=\"fas fa-phone-alt\"><\/i>\t\t\t\t\t\t<\/span>\n\t\t\t\t\t\t\t\t\t\t<span class=\"elementor-icon-list-text\"><b>Telefon :<\/b> 0850 811 71 10 21<\/span>\n\t\t\t\t\t\t\t\t\t\t\t<\/a>\n\t\t\t\t\t\t\t\t\t<\/li>\n\t\t\t\t\t\t\t\t<li class=\"elementor-icon-list-item\">\n\t\t\t\t\t\t\t\t\t\t\t<a href=\"https:\/\/www.elektromarketim.com\">\n\n\t\t\t\t\t\t\t\t\t\t\t\t<span class=\"elementor-icon-list-icon\">\n\t\t\t\t\t\t\t<i aria-hidden=\"true\" class=\"fas fa-globe-americas\"><\/i>\t\t\t\t\t\t<\/span>\n\t\t\t\t\t\t\t\t\t\t<span class=\"elementor-icon-list-text\"><b>Web Sitesi :<\/b> www.elektromarketim.com<\/span>\n\t\t\t\t\t\t\t\t\t\t\t<\/a>\n\t\t\t\t\t\t\t\t\t<\/li>\n\t\t\t\t\t\t<\/ul>\n\t\t\t\t<\/div>\n\t\t\t\t<\/div>\n\t\t\t\t\t<\/div>\n\t\t<\/div>\n\t\t\t\t\t\t\t<\/div>\n\t\t<\/section>\n\t\t\t\t\t\t<\/div>\n\t\t\t\t\t<\/div>","protected":false},"excerpt":{"rendered":"<p>\u00dcmelsan Elk. \u0130n\u015f. Day. T\u00fck. Mal. San. ve Tic. Ltd. \u015eti. Adres : \u00c7iftlik Mahallesi K\u00fc\u00e7\u00fck Sanayi Sitesi G Blok 24 \/13-16 \u00c7iftlikk\u00f6y\/YALOVA E-Posta : umelsan@umelsan.com.tr Telefon : 0 (226) 812 93 68 FAX : 0 (226) 352 68 84 Web Sitesi : www.umelsan.com.tr Elektromarketim Bil. Hiz. ve Elk. Tic. A.\u015e Adres : \u00c7iftlik Mahallesi [&hellip;]<\/p>\n","protected":false},"author":1,"featured_media":0,"parent":0,"menu_order":0,"comment_status":"closed","ping_status":"closed","template":"","meta":{"footnotes":""},"class_list":["post-2314","page","type-page","status-publish","hentry","entry"],"yoast_head":"<!-- This site is optimized with the Yoast SEO plugin v17.9 - https:\/\/yoast.com\/wordpress\/plugins\/seo\/ -->\n<title>Grup \u015eirketlerimiz | Birikim S\u00fcs Bitkileri<\/title>\n<meta name=\"robots\" content=\"index, follow, max-snippet:-1, max-image-preview:large, max-video-preview:-1\" \/>\n<link rel=\"canonical\" href=\"https:\/\/birikimsusbitkileri.com\/en\/grup-sirketlerimiz\/\" \/>\n<meta property=\"og:locale\" content=\"en_US\" \/>\n<meta property=\"og:type\" content=\"article\" \/>\n<meta property=\"og:title\" content=\"Grup \u015eirketlerimiz | Birikim S\u00fcs Bitkileri\" \/>\n<meta property=\"og:description\" content=\"\u00dcmelsan Elk. \u0130n\u015f. Day. T\u00fck. Mal. San. ve Tic. Ltd. \u015eti. Adres : \u00c7iftlik Mahallesi K\u00fc\u00e7\u00fck Sanayi Sitesi G Blok 24 \/13-16 \u00c7iftlikk\u00f6y\/YALOVA E-Posta : umelsan@umelsan.com.tr Telefon : 0 (226) 812 93 68 FAX : 0 (226) 352 68 84 Web Sitesi : www.umelsan.com.tr Elektromarketim Bil. Hiz. ve Elk. Tic. A.\u015e Adres : \u00c7iftlik Mahallesi [&hellip;]\" \/>\n<meta property=\"og:url\" content=\"https:\/\/birikimsusbitkileri.com\/en\/grup-sirketlerimiz\/\" \/>\n<meta property=\"og:site_name\" content=\"Birikim S\u00fcs Bitkileri\" \/>\n<meta property=\"article:publisher\" content=\"https:\/\/www.facebook.com\/birikimsusbitkileri\" \/>\n<meta property=\"article:modified_time\" content=\"2021-05-03T05:47:52+00:00\" \/>\n<meta property=\"og:image\" content=\"http:\/\/birikimsusbitkileri.com\/wp-content\/uploads\/2021\/04\/umelsan-logo.png\" \/>\n<meta name=\"twitter:card\" content=\"summary_large_image\" \/>\n<meta name=\"twitter:label1\" content=\"Est. reading time\" \/>\n\t<meta name=\"twitter:data1\" content=\"1 minute\" \/>\n<script type=\"application\/ld+json\" class=\"yoast-schema-graph\">{\"@context\":\"https:\/\/schema.org\",\"@graph\":[{\"@type\":\"Organization\",\"@id\":\"https:\/\/birikimsusbitkileri.com\/#organization\",\"name\":\"Birikim S\\u00fcs Bitkileri\",\"url\":\"https:\/\/birikimsusbitkileri.com\/\",\"sameAs\":[\"https:\/\/www.facebook.com\/birikimsusbitkileri\",\"https:\/\/www.instagram.com\/birikimsusbitkileri\/\"],\"logo\":{\"@type\":\"ImageObject\",\"@id\":\"https:\/\/birikimsusbitkileri.com\/#logo\",\"inLanguage\":\"en-US\",\"url\":\"https:\/\/birikimsusbitkileri.com\/wp-content\/uploads\/2021\/03\/birikim-logo-web.png\",\"contentUrl\":\"https:\/\/birikimsusbitkileri.com\/wp-content\/uploads\/2021\/03\/birikim-logo-web.png\",\"width\":200,\"height\":210,\"caption\":\"Birikim S\\u00fcs Bitkileri\"},\"image\":{\"@id\":\"https:\/\/birikimsusbitkileri.com\/#logo\"}},{\"@type\":\"WebSite\",\"@id\":\"https:\/\/birikimsusbitkileri.com\/#website\",\"url\":\"https:\/\/birikimsusbitkileri.com\/\",\"name\":\"Birikim S\\u00fcs Bitkileri\",\"description\":\"Ye\\u015file Do\\u011fru \\u0130lk Ad\\u0131m\",\"publisher\":{\"@id\":\"https:\/\/birikimsusbitkileri.com\/#organization\"},\"potentialAction\":[{\"@type\":\"SearchAction\",\"target\":{\"@type\":\"EntryPoint\",\"urlTemplate\":\"https:\/\/birikimsusbitkileri.com\/?s={search_term_string}\"},\"query-input\":\"required name=search_term_string\"}],\"inLanguage\":\"en-US\"},{\"@type\":\"ImageObject\",\"@id\":\"https:\/\/birikimsusbitkileri.com\/en\/grup-sirketlerimiz\/#primaryimage\",\"inLanguage\":\"en-US\",\"url\":\"http:\/\/birikimsusbitkileri.com\/wp-content\/uploads\/2021\/04\/umelsan-logo.png\",\"contentUrl\":\"http:\/\/birikimsusbitkileri.com\/wp-content\/uploads\/2021\/04\/umelsan-logo.png\"},{\"@type\":\"WebPage\",\"@id\":\"https:\/\/birikimsusbitkileri.com\/en\/grup-sirketlerimiz\/#webpage\",\"url\":\"https:\/\/birikimsusbitkileri.com\/en\/grup-sirketlerimiz\/\",\"name\":\"Grup \\u015eirketlerimiz | Birikim S\\u00fcs Bitkileri\",\"isPartOf\":{\"@id\":\"https:\/\/birikimsusbitkileri.com\/#website\"},\"primaryImageOfPage\":{\"@id\":\"https:\/\/birikimsusbitkileri.com\/en\/grup-sirketlerimiz\/#primaryimage\"},\"datePublished\":\"2021-04-29T12:13:24+00:00\",\"dateModified\":\"2021-05-03T05:47:52+00:00\",\"breadcrumb\":{\"@id\":\"https:\/\/birikimsusbitkileri.com\/en\/grup-sirketlerimiz\/#breadcrumb\"},\"inLanguage\":\"en-US\",\"potentialAction\":[{\"@type\":\"ReadAction\",\"target\":[\"https:\/\/birikimsusbitkileri.com\/en\/grup-sirketlerimiz\/\"]}]},{\"@type\":\"BreadcrumbList\",\"@id\":\"https:\/\/birikimsusbitkileri.com\/en\/grup-sirketlerimiz\/#breadcrumb\",\"itemListElement\":[{\"@type\":\"ListItem\",\"position\":1,\"name\":\"Anasayfa\",\"item\":\"https:\/\/birikimsusbitkileri.com\/\"},{\"@type\":\"ListItem\",\"position\":2,\"name\":\"Grup \\u015eirketlerimiz\"}]}]}<\/script>\n<!-- \/ Yoast SEO plugin. -->","yoast_head_json":{"title":"Grup \u015eirketlerimiz | Birikim S\u00fcs Bitkileri","robots":{"index":"index","follow":"follow","max-snippet":"max-snippet:-1","max-image-preview":"max-image-preview:large","max-video-preview":"max-video-preview:-1"},"canonical":"https:\/\/birikimsusbitkileri.com\/en\/grup-sirketlerimiz\/","og_locale":"en_US","og_type":"article","og_title":"Grup \u015eirketlerimiz | Birikim S\u00fcs Bitkileri","og_description":"\u00dcmelsan Elk. \u0130n\u015f. Day. T\u00fck. Mal. San. ve Tic. Ltd. \u015eti. Adres : \u00c7iftlik Mahallesi K\u00fc\u00e7\u00fck Sanayi Sitesi G Blok 24 \/13-16 \u00c7iftlikk\u00f6y\/YALOVA E-Posta : umelsan@umelsan.com.tr Telefon : 0 (226) 812 93 68 FAX : 0 (226) 352 68 84 Web Sitesi : www.umelsan.com.tr Elektromarketim Bil. Hiz. ve Elk. Tic. A.\u015e Adres : \u00c7iftlik Mahallesi [&hellip;]","og_url":"https:\/\/birikimsusbitkileri.com\/en\/grup-sirketlerimiz\/","og_site_name":"Birikim S\u00fcs Bitkileri","article_publisher":"https:\/\/www.facebook.com\/birikimsusbitkileri","article_modified_time":"2021-05-03T05:47:52+00:00","og_image":[{"url":"http:\/\/birikimsusbitkileri.com\/wp-content\/uploads\/2021\/04\/umelsan-logo.png"}],"twitter_card":"summary_large_image","twitter_misc":{"Est. reading time":"1 minute"},"schema":{"@context":"https:\/\/schema.org","@graph":[{"@type":"Organization","@id":"https:\/\/birikimsusbitkileri.com\/#organization","name":"Birikim S\u00fcs Bitkileri","url":"https:\/\/birikimsusbitkileri.com\/","sameAs":["https:\/\/www.facebook.com\/birikimsusbitkileri","https:\/\/www.instagram.com\/birikimsusbitkileri\/"],"logo":{"@type":"ImageObject","@id":"https:\/\/birikimsusbitkileri.com\/#logo","inLanguage":"en-US","url":"https:\/\/birikimsusbitkileri.com\/wp-content\/uploads\/2021\/03\/birikim-logo-web.png","contentUrl":"https:\/\/birikimsusbitkileri.com\/wp-content\/uploads\/2021\/03\/birikim-logo-web.png","width":200,"height":210,"caption":"Birikim S\u00fcs Bitkileri"},"image":{"@id":"https:\/\/birikimsusbitkileri.com\/#logo"}},{"@type":"WebSite","@id":"https:\/\/birikimsusbitkileri.com\/#website","url":"https:\/\/birikimsusbitkileri.com\/","name":"Birikim S\u00fcs Bitkileri","description":"The First Step Green","publisher":{"@id":"https:\/\/birikimsusbitkileri.com\/#organization"},"potentialAction":[{"@type":"SearchAction","target":{"@type":"EntryPoint","urlTemplate":"https:\/\/birikimsusbitkileri.com\/?s={search_term_string}"},"query-input":"required name=search_term_string"}],"inLanguage":"en-US"},{"@type":"ImageObject","@id":"https:\/\/birikimsusbitkileri.com\/en\/grup-sirketlerimiz\/#primaryimage","inLanguage":"en-US","url":"http:\/\/birikimsusbitkileri.com\/wp-content\/uploads\/2021\/04\/umelsan-logo.png","contentUrl":"http:\/\/birikimsusbitkileri.com\/wp-content\/uploads\/2021\/04\/umelsan-logo.png"},{"@type":"WebPage","@id":"https:\/\/birikimsusbitkileri.com\/en\/grup-sirketlerimiz\/#webpage","url":"https:\/\/birikimsusbitkileri.com\/en\/grup-sirketlerimiz\/","name":"Grup \u015eirketlerimiz | Birikim S\u00fcs Bitkileri","isPartOf":{"@id":"https:\/\/birikimsusbitkileri.com\/#website"},"primaryImageOfPage":{"@id":"https:\/\/birikimsusbitkileri.com\/en\/grup-sirketlerimiz\/#primaryimage"},"datePublished":"2021-04-29T12:13:24+00:00","dateModified":"2021-05-03T05:47:52+00:00","breadcrumb":{"@id":"https:\/\/birikimsusbitkileri.com\/en\/grup-sirketlerimiz\/#breadcrumb"},"inLanguage":"en-US","potentialAction":[{"@type":"ReadAction","target":["https:\/\/birikimsusbitkileri.com\/en\/grup-sirketlerimiz\/"]}]},{"@type":"BreadcrumbList","@id":"https:\/\/birikimsusbitkileri.com\/en\/grup-sirketlerimiz\/#breadcrumb","itemListElement":[{"@type":"ListItem","position":1,"name":"Anasayfa","item":"https:\/\/birikimsusbitkileri.com\/"},{"@type":"ListItem","position":2,"name":"Grup \u015eirketlerimiz"}]}]}},"_links":{"self":[{"href":"https:\/\/birikimsusbitkileri.com\/en\/wp-json\/wp\/v2\/pages\/2314","targetHints":{"allow":["GET"]}}],"collection":[{"href":"https:\/\/birikimsusbitkileri.com\/en\/wp-json\/wp\/v2\/pages"}],"about":[{"href":"https:\/\/birikimsusbitkileri.com\/en\/wp-json\/wp\/v2\/types\/page"}],"author":[{"embeddable":true,"href":"https:\/\/birikimsusbitkileri.com\/en\/wp-json\/wp\/v2\/users\/1"}],"replies":[{"embeddable":true,"href":"https:\/\/birikimsusbitkileri.com\/en\/wp-json\/wp\/v2\/comments?post=2314"}],"version-history":[{"count":34,"href":"https:\/\/birikimsusbitkileri.com\/en\/wp-json\/wp\/v2\/pages\/2314\/revisions"}],"predecessor-version":[{"id":2358,"href":"https:\/\/birikimsusbitkileri.com\/en\/wp-json\/wp\/v2\/pages\/2314\/revisions\/2358"}],"wp:attachment":[{"href":"https:\/\/birikimsusbitkileri.com\/en\/wp-json\/wp\/v2\/media?parent=2314"}],"curies":[{"name":"wp","href":"https:\/\/api.w.org\/{rel}","templated":true}]}}